{"id":2,"date":"2025-11-21T14:11:53","date_gmt":"2025-11-21T14:11:53","guid":{"rendered":"https:\/\/redesbolivia.org\/?page_id=2"},"modified":"2025-12-09T04:06:22","modified_gmt":"2025-12-09T04:06:22","slug":"sample-page","status":"publish","type":"page","link":"https:\/\/redesbolivia.org\/?page_id=2","title":{"rendered":"Sample Page"},"content":{"rendered":"\n<p><strong>Bienvenidos al Hub de Partners de REDES<\/strong><br>Este espacio ha sido creado especialmente para nuestros aliados estrat\u00e9gicos y financiadores, con el objetivo de brindarles una visi\u00f3n clara y directa del trabajo que desarrollamos en todo el pa\u00eds. Aqu\u00ed podr\u00e1n explorar proyectos, avances, metodolog\u00edas y resultados que reflejan nuestro compromiso con la democracia, la participaci\u00f3n ciudadana y el fortalecimiento institucional en Bolivia.<\/p>\n\n\n\n<p>El contenido disponible en este espacio es de acceso exclusivamente autorizado, pensado para que puedan revisar con libertad los procesos, experiencias y evidencias de impacto que ejecutamos junto a comunidades, instituciones y actores clave.<\/p>\n\n\n\n<p>Los invitamos a recorrer este hub y conocer m\u00e1s a fondo c\u00f3mo trabajamos, c\u00f3mo articulamos alianzas y c\u00f3mo generamos soluciones sostenibles desde el territorio hasta los espacios de decisi\u00f3n p\u00fablica.<\/p>\n\n\n\n<blockquote class=\"wp-block-quote is-layout-flow wp-block-quote-is-layout-flow\">\n<p><\/p>\n<\/blockquote>\n\n\n\n<blockquote class=\"wp-block-quote is-layout-flow wp-block-quote-is-layout-flow\">\n<p><\/p>\n<\/blockquote>\n","protected":false},"excerpt":{"rendered":"<p>Bienvenidos al Hub de Partners de REDESEste espacio ha sido creado especialmente para nuestros aliados estrat\u00e9gicos y financiadores, con el objetivo de brindarles una visi\u00f3n clara y directa del trabajo que desarrollamos en todo el pa\u00eds. Aqu\u00ed podr\u00e1n explorar proyectos, avances, metodolog\u00edas y resultados que reflejan nuestro compromiso con la democracia, la participaci\u00f3n ciudadana y [&hellip;]<\/p>\n","protected":false},"author":1,"featured_media":0,"parent":0,"menu_order":0,"comment_status":"closed","ping_status":"open","template":"","meta":{"saved_in_kubio":true,"footnotes":""},"class_list":["post-2","page","type-page","status-publish","hentry"],"kubio_ai_page_context":{"short_desc":"","purpose":"general"},"_links":{"self":[{"href":"https:\/\/redesbolivia.org\/index.php?rest_route=\/wp\/v2\/pages\/2","targetHints":{"allow":["GET"]}}],"collection":[{"href":"https:\/\/redesbolivia.org\/index.php?rest_route=\/wp\/v2\/pages"}],"about":[{"href":"https:\/\/redesbolivia.org\/index.php?rest_route=\/wp\/v2\/types\/page"}],"author":[{"embeddable":true,"href":"https:\/\/redesbolivia.org\/index.php?rest_route=\/wp\/v2\/users\/1"}],"replies":[{"embeddable":true,"href":"https:\/\/redesbolivia.org\/index.php?rest_route=%2Fwp%2Fv2%2Fcomments&post=2"}],"version-history":[{"count":2,"href":"https:\/\/redesbolivia.org\/index.php?rest_route=\/wp\/v2\/pages\/2\/revisions"}],"predecessor-version":[{"id":149,"href":"https:\/\/redesbolivia.org\/index.php?rest_route=\/wp\/v2\/pages\/2\/revisions\/149"}],"wp:attachment":[{"href":"https:\/\/redesbolivia.org\/index.php?rest_route=%2Fwp%2Fv2%2Fmedia&parent=2"}],"curies":[{"name":"wp","href":"https:\/\/api.w.org\/{rel}","templated":true}]}}